{"id":1125,"date":"2021-11-08T10:26:50","date_gmt":"2021-11-08T09:26:50","guid":{"rendered":"http:\/\/festiwalmadei.pl\/?page_id=1125"},"modified":"2021-11-09T12:03:37","modified_gmt":"2021-11-09T11:03:37","slug":"galllery-2021","status":"publish","type":"page","link":"https:\/\/festiwalmadei.pl\/en\/galllery-2021\/","title":{"rendered":"Gallery 2021"},"content":{"rendered":"<div class=\"wpb-content-wrapper\"><p>[vc_row][vc_column width=&#8221;2\/12&#8243;][\/vc_column][vc_column width=&#8221;8\/12&#8243;][vc_column_text css=&#8221;.vc_custom_1636363498234{border-left-width: 2px !important;padding-left: 4px !important;border-left-color: #efefef !important;border-left-style: solid !important;}&#8221;]<\/p>\n<h4><strong>October 14, 2021 at 9.30-17.00<\/strong><\/h4>\n<p><strong><br \/>\nJankowice Palace<\/strong>[\/vc_column_text][vc_masonry_media_grid element_width=&#8221;2&#8243; grid_id=&#8221;vc_gid:1636455744793-8965fa51-04de-8&#8243; include=&#8221;1126,1128,1130,1132,1134,1136,1138,1140,1142,1144,1146,1148,1150,1152,1154,1156,1158,1160,1162,1164,1166,1168,1170,1172,1174,1176,1178,1180,1182,1184,1186,1188,1190,1192,1194,1196&#8243;][vc_column_text css=&#8221;.vc_custom_1636455797973{border-left-width: 2px !important;padding-left: 4px !important;border-left-color: #efefef !important;border-left-style: solid !important;}&#8221;]<\/p>\n<h4 style=\"text-align: center;\"><strong>fot. Bo\u017cka Piotrowska<br \/>\n<\/strong><\/h4>\n<p>[\/vc_column_text][vc_separator border_width=&#8221;2&#8243; css=&#8221;.vc_custom_1631959283457{margin-top: 50px !important;margin-bottom: 50px !important;}&#8221;][vc_column_text css=&#8221;.vc_custom_1636363505752{border-left-width: 2px !important;padding-left: 4px !important;border-left-color: #efefef !important;border-left-style: solid !important;}&#8221;]<\/p>\n<h4><strong>October 16, 2021, 17.00<\/strong><\/h4>\n<p><strong><br \/>\nPalace in Jankowice<\/strong>[\/vc_column_text][vc_masonry_media_grid element_width=&#8221;2&#8243; grid_id=&#8221;vc_gid:1636455744794-0d288bad-ffb8-5&#8243; include=&#8221;1198,1200,1202,1204,1206,1208,1210,1212,1214,1216,1218,1220,1222,1224,1226,1228,1230,1232,1234,1236,1238,1240,1242,1244,1246,1248,1250,1252,1254,1256,1258,1260,1262&#8243;][vc_column_text css=&#8221;.vc_custom_1636455797973{border-left-width: 2px !important;padding-left: 4px !important;border-left-color: #efefef !important;border-left-style: solid !important;}&#8221;]<\/p>\n<h4 style=\"text-align: center;\"><strong>fot. Bo\u017cka Piotrowska<br \/>\n<\/strong><\/h4>\n<p>[\/vc_column_text][vc_separator border_width=&#8221;2&#8243; css=&#8221;.vc_custom_1631959283457{margin-top: 50px !important;margin-bottom: 50px !important;}&#8221;][vc_column_text css=&#8221;.vc_custom_1636363515454{border-left-width: 2px !important;padding-left: 4px !important;border-left-color: #efefef !important;border-left-style: solid !important;}&#8221;]<\/p>\n<h4><strong>October 21, 2021, 18.00<\/strong><\/h4>\n<p><strong><br \/>\n<b>Aula Nova, Ignacy Jan Paderewski Academy of Music in Pozna\u0144<\/b><\/strong>[\/vc_column_text][vc_masonry_media_grid element_width=&#8221;2&#8243; grid_id=&#8221;vc_gid:1636455744794-7e342e35-a98e-0&#8243; include=&#8221;1264,1266,1268,1270,1272,1274,1276,1278,1280,1282,1284,1286,1288,1290,1292,1294,1296,1298,1300,1302,1304,1306,1308,1310,1312,1314,1316,1318,1320,1322,1324,1326,1328,1330,1332,1334,1336,1338,1340,1342,1344,1346,1348,1350,1352,1354,1356,1358,1360,1362,1364,1366,1368,1370,1372,1374,1376,1378,1380,1382,1384,1386,1388,1390,1392,1394&#8243;][vc_column_text css=&#8221;.vc_custom_1636455815711{border-left-width: 2px !important;padding-left: 4px !important;border-left-color: #efefef !important;border-left-style: solid !important;}&#8221;]<\/p>\n<h4 style=\"text-align: center;\"><strong>fot. Bartosz Seifert<br \/>\n<\/strong><\/h4>\n<p>[\/vc_column_text][vc_separator border_width=&#8221;2&#8243; css=&#8221;.vc_custom_1631959283457{margin-top: 50px !important;margin-bottom: 50px !important;}&#8221;][vc_column_text css=&#8221;.vc_custom_1636363522675{border-left-width: 2px !important;padding-left: 4px !important;border-left-color: #efefef !important;border-left-style: solid !important;}&#8221;]<\/p>\n<h4><strong>October 22, 2021, 18.00<\/strong><\/h4>\n<p><strong><br \/>\n<b>State Primary Music School Wac\u0142aw of Szamotu\u0142y in Szamotu\u0142y<\/b><\/strong>[\/vc_column_text][vc_masonry_media_grid element_width=&#8221;2&#8243; grid_id=&#8221;vc_gid:1636455744795-7c43aea9-df90-5&#8243; include=&#8221;1396,1398,1400,1402,1404,1406,1408,1410,1412,1414,1416,1418,1420,1422,1424,1426,1428&#8243;][vc_column_text css=&#8221;.vc_custom_1636455797973{border-left-width: 2px !important;padding-left: 4px !important;border-left-color: #efefef !important;border-left-style: solid !important;}&#8221;]<\/p>\n<h4 style=\"text-align: center;\"><strong>fot. Bo\u017cka Piotrowska<br \/>\n<\/strong><\/h4>\n<p>[\/vc_column_text][vc_separator border_width=&#8221;2&#8243; css=&#8221;.vc_custom_1631959283457{margin-top: 50px !important;margin-bottom: 50px !important;}&#8221;][vc_column_text css=&#8221;.vc_custom_1636363529642{border-left-width: 2px !important;padding-left: 4px !important;border-left-color: #efefef !important;border-left-style: solid !important;}&#8221;]<\/p>\n<h4><strong>October 24, 2021, 18.00<\/strong><\/h4>\n<p><strong><br \/>\n<b>Kornik Castle<\/b><\/strong>[\/vc_column_text][vc_masonry_media_grid element_width=&#8221;2&#8243; grid_id=&#8221;vc_gid:1636455744795-33b987e3-9a08-5&#8243; include=&#8221;1432,1434,1436,1438,1440,1442,1444,1446,1448,1450,1452,1454,1456,1458,1460,1462,1464,1466,1468,1470,1472,1474,1476,1478,1480,1482,1484,1486,1488,1490,1492,1494,1496,1498,1500,1502,1504&#8243;][vc_column_text css=&#8221;.vc_custom_1636455797973{border-left-width: 2px !important;padding-left: 4px !important;border-left-color: #efefef !important;border-left-style: solid !important;}&#8221;]<\/p>\n<h4 style=\"text-align: center;\"><strong>fot. Bo\u017cka Piotrowska<br \/>\n<\/strong><\/h4>\n<p>[\/vc_column_text][\/vc_column][vc_column width=&#8221;2\/12&#8243;][\/vc_column][\/vc_row][vc_row css=&#8221;.vc_custom_1602167976879{margin-top: 50px !important;}&#8221;][vc_column][vc_single_image image=&#8221;1098&#8243; img_size=&#8221;full&#8221; alignment=&#8221;center&#8221; el_class=&#8221;desktop&#8221;][\/vc_column][\/vc_row]<\/p>\n<\/div>","protected":false},"excerpt":{"rendered":"<p>[vc_row][vc_column width=&#8221;2\/12&#8243;][\/vc_column][vc_column width=&#8221;8\/12&#8243;][vc_column_text css=&#8221;.vc_custom_1636363498234{border-left-width: 2px !important;padding-left: 4px !important;border-left-color: #efefef !important;border-left-style: solid !important;}&#8221;] October 14, 2021 at 9.30-17.00 Jankowice Palace[\/vc_column_text][vc_masonry_media_grid element_width=&#8221;2&#8243; grid_id=&#8221;vc_gid:1636455744793-8965fa51-04de-8&#8243; include=&#8221;1126,1128,1130,1132,1134,1136,1138,1140,1142,1144,1146,1148,1150,1152,1154,1156,1158,1160,1162,1164,1166,1168,1170,1172,1174,1176,1178,1180,1182,1184,1186,1188,1190,1192,1194,1196&#8243;][vc_column_text css=&#8221;.vc_custom_1636455797973{border-left-width: 2px !important;padding-left: 4px !important;border-left-color: #efefef !important;border-left-style: solid !important;}&#8221;] fot. Bo\u017cka Piotrowska [\/vc_column_text][vc_separator border_width=&#8221;2&#8243; css=&#8221;.vc_custom_1631959283457{margin-top: 50px !important;margin-bottom: 50px !important;}&#8221;][vc_column_text css=&#8221;.vc_custom_1636363505752{border-left-width: 2px !important;padding-left: 4px !important;border-left-color: #efefef !important;border-left-style: solid !important;}&#8221;] October 16, 2021, 17.00 Palace [&hellip;]<\/p>\n","protected":false},"author":1,"featured_media":0,"parent":0,"menu_order":0,"comment_status":"closed","ping_status":"open","template":"","meta":{"inline_featured_image":false,"footnotes":""},"class_list":["post-1125","page","type-page","status-publish","hentry"],"_links":{"self":[{"href":"https:\/\/festiwalmadei.pl\/en\/wp-json\/wp\/v2\/pages\/1125","targetHints":{"allow":["GET"]}}],"collection":[{"href":"https:\/\/festiwalmadei.pl\/en\/wp-json\/wp\/v2\/pages"}],"about":[{"href":"https:\/\/festiwalmadei.pl\/en\/wp-json\/wp\/v2\/types\/page"}],"author":[{"embeddable":true,"href":"https:\/\/festiwalmadei.pl\/en\/wp-json\/wp\/v2\/users\/1"}],"replies":[{"embeddable":true,"href":"https:\/\/festiwalmadei.pl\/en\/wp-json\/wp\/v2\/comments?post=1125"}],"version-history":[{"count":5,"href":"https:\/\/festiwalmadei.pl\/en\/wp-json\/wp\/v2\/pages\/1125\/revisions"}],"predecessor-version":[{"id":1517,"href":"https:\/\/festiwalmadei.pl\/en\/wp-json\/wp\/v2\/pages\/1125\/revisions\/1517"}],"wp:attachment":[{"href":"https:\/\/festiwalmadei.pl\/en\/wp-json\/wp\/v2\/media?parent=1125"}],"curies":[{"name":"wp","href":"https:\/\/api.w.org\/{rel}","templated":true}]}}