{"id":1525,"date":"2022-10-03T12:37:24","date_gmt":"2022-10-03T10:37:24","guid":{"rendered":"http:\/\/festiwalmadei.pl\/?page_id=1525"},"modified":"2022-10-14T17:05:06","modified_gmt":"2022-10-14T15:05:06","slug":"program-2022","status":"publish","type":"page","link":"https:\/\/festiwalmadei.pl\/en\/program-2022\/","title":{"rendered":"Program 2022"},"content":{"rendered":"<div class=\"wpb-content-wrapper\"><p>[vc_row full_width=&#8221;stretch_row&#8221; equal_height=&#8221;yes&#8221; content_placement=&#8221;middle&#8221; disable_element=&#8221;yes&#8221; css=&#8221;.vc_custom_1568626795805{padding-top: 30px !important;padding-bottom: 40px !important;background-color: #37384e !important;background-position: center !important;background-repeat: no-repeat !important;background-size: cover !important;}&#8221;][vc_column width=&#8221;1\/2&#8243;][vc_column_text]<\/p>\n<h3><span style=\"color: #d6a44e;\">Program<\/span><\/h3>\n<p>[\/vc_column_text][\/vc_column][vc_column width=&#8221;1\/2&#8243;][\/vc_column][\/vc_row][vc_row equal_height=&#8221;yes&#8221; content_placement=&#8221;middle&#8221; css=&#8221;.vc_custom_1568384183044{padding-top: 50px !important;padding-bottom: 20px !important;}&#8221;][vc_column width=&#8221;2\/12&#8243;][\/vc_column][vc_column width=&#8221;8\/12&#8243;][vc_row_inner][vc_column_inner width=&#8221;1\/2&#8243;][vc_single_image image=&#8221;1616&#8243; img_size=&#8221;full&#8221; alignment=&#8221;center&#8221; onclick=&#8221;link_image&#8221;][\/vc_column_inner][vc_column_inner width=&#8221;1\/2&#8243;][vc_single_image image=&#8221;1618&#8243; img_size=&#8221;full&#8221; alignment=&#8221;center&#8221; onclick=&#8221;link_image&#8221;][\/vc_column_inner][\/vc_row_inner][vc_column_text]<\/p>\n<h3 style=\"text-align: center;\"><span style=\"color: #cfa65e;\"><strong>The International J\u00f3zef Madeja Festival<\/strong><\/span><\/h3>\n<h3 style=\"text-align: center;\"><span style=\"color: #cfa65e;\"><strong>21-30.10.2022 r.<\/strong><\/span><\/h3>\n<p>[\/vc_column_text][\/vc_column][vc_column width=&#8221;2\/12&#8243;][\/vc_column][\/vc_row][vc_row][vc_column width=&#8221;2\/12&#8243;][\/vc_column][vc_column width=&#8221;8\/12&#8243;][vc_column_text css=&#8221;.vc_custom_1665755226913{border-left-width: 2px !important;padding-left: 4px !important;border-left-color: #efefef !important;border-left-style: solid !important;}&#8221;]<\/p>\n<h5 style=\"text-align: left;\"><span style=\"color: #cfa65e;\">Master classes:<\/span><\/h5>\n<p style=\"text-align: left;\"><strong>FAN Piano Salon in Pozna\u0144:<br \/>\n<\/strong><\/p>\n<p class=\"p1\"><b>21-22.10.2022<\/b> \u2013 <a class=\"o-leppaniemi-eng\">Olli Lepp\u00e4niemi<\/a>, clarinet (Tapiola Sinfonietta)<\/p>\n<p>&nbsp;<\/p>\n<p class=\"p1\"><b>Academy of Music I. J. Paderewski in Pozna\u0144:<\/b><\/p>\n<p class=\"p1\"><b>25-26.10.2022<\/b> \u2013 <a class=\"t-plath-eng\">Theo Plath<\/a>, bassoon (Sinfonieorchester Frankfurt)<\/p>\n<p class=\"p1\"><b>24-26.10.2022<\/b> \u2013 <a class=\"f-croitoru-eng\">Florin Croitoru<\/a>, violin (National Music University in Bucharest)<\/p>\n<p>&nbsp;<\/p>\n<p class=\"p1\"><b>Jankowice Palace:<\/b><\/p>\n<p class=\"p1\"><b>21-22.10.2022<\/b> \u2013 <a class=\"p-kroczek-en\">Pawe\u0142 Kroczek<\/a>, clarinet ((I. J. Paderewski Academy of Music in Pozna\u0144)<\/p>\n<p class=\"p1\"><b>22.10.2022<\/b><span class=\"Apple-converted-space\">\u00a0 <\/span>\u2013 <a class=\"p-lato\">Piotr Lato<\/a>, clarinet (Krzysztof Penderecki Academy of Music in Krakow)<\/p>\n<p>[\/vc_column_text][vc_separator border_width=&#8221;2&#8243; css=&#8221;.vc_custom_1631959283457{margin-top: 50px !important;margin-bottom: 50px !important;}&#8221;][vc_column_text css=&#8221;.vc_custom_1665754773417{border-left-width: 2px !important;padding-left: 4px !important;border-left-color: #efefef !important;border-left-style: solid !important;}&#8221;]<\/p>\n<h4 style=\"text-align: left;\"><strong>22.10.2022, 5.00 p.m.<br \/>\n<\/strong><\/h4>\n<p style=\"text-align: left;\"><strong><br \/>\nPalace in Jankowice<br \/>\n<\/strong><\/p>\n<h5 style=\"text-align: left;\"><span style=\"color: #cfa65e;\">Inaugural concert on the 130th anniversary of J\u00f3zef Madeja&#8217;s birth<br \/>\n<\/span><\/h5>\n<p><b>PROGRAM<\/b><\/p>\n<ol>\n<li>J\u00f3zef Madeja &#8211; Songs &#8220;Glass Coffin&#8221; and &#8220;Ani Ty Moja&#8221; for voice and piano<\/li>\n<li>J\u00f3zef Madeja &#8211; 3 Essays for clarinet and piano<\/li>\n<\/ol>\n<p><strong>Performers:<\/strong><br \/>\n<a class=\"b-tritt-eng\">Barbara Tritt<\/a> \u2013 soprano<br \/>\n<a class=\"p-kroczek-eng\">Pawe\u0142 Kroczek<\/a> \u2013 clarinet<br \/>\n<a class=\"h-lizinkiewicz-eng\">Hanna Lizinkiewicz<\/a> &#8211; piano<\/p>\n<ol class=\"ol1\" start=\"3\">\n<li>Anton\u00edn Dvo\u0159\u00e1k &#8211; Slavic Dances op. 46 No. 2 in E minor (Dumka) and No. 4 in F major (Sousedsk\u00e1)<\/li>\n<li>The Beatles &#8211; Yesterday<\/li>\n<li>Leo Daniderff &#8211; Je Cherche Apres Titine<\/li>\n<li>Alec Templeton &#8211; Bach goes to Town<\/li>\n<li>Rados\u0142aw Mateja &#8211; Tango (premiere)<\/li>\n<\/ol>\n<p><strong>Performers:<\/strong><br \/>\nFestival Clarinet Orchestra &#8211; J\u00f3zef Madeja Clarinet Ensemble composed of:<\/p>\n<p>Pawe\u0142 Kroczek, Micha\u0142 Pokrzywa, Mi\u0142osz Wojcieszak, Dominika \u0141ukasiewicz, Alicja Meyerholz, Julia Derda, Natalia Bruli\u0144ska, Maja Surma, Kaja Wrzeszcz, Wojciech Peregrym, Zuzanna Kwiecie\u0144, Stanis\u0142aw Kopiczko, Feliks Kucharski, Karol Siedlarz, Bart\u0142omiej Jasi\u0144ski, Szymon Jasi\u0144ski<\/p>\n<p><a class=\"m-wrzosek-eng\">Mateusz Wrzosek<\/a>, <a class=\"z-nowak-eng\">Zdzis\u0142aw Nowak<\/a> &#8211; conductors<\/p>\n<ol class=\"ol1\" start=\"8\">\n<li>W\u0142odzimierz Malawski &#8211; &#8220;Storks&#8221; from the cycle Four songs for soprano and piano<\/li>\n<li>Fryderyk Chopin &#8211; &#8220;\u017bal&#8221; (Etude in E major, Op.10 No. 3) for soprano and piano<\/li>\n<li>W\u0142odzimierz Koto\u0144ski &#8211; 6 Miniatures for clarinet and piano (premiere)<\/li>\n<li>Karol Rathaus &#8211; &#8220;Song of the Autumn&#8221; for clarinet and piano<\/li>\n<\/ol>\n<p><strong>Performers:<\/strong><br \/>\n<a class=\"b-tritt-eng\">Barbara Tritt<\/a> \u2013 soprano<br \/>\n<a class=\"p-lato-eng\">Piotr Lato<\/a> \u2013 clarinet<br \/>\n<a class=\"h-lizinkiewicz-eng\">Hanna Lizinkiewicz<\/a> &#8211; piano<\/p>\n<ol class=\"ol1\" start=\"12\">\n<li>Felix Mendelssohn &#8211; Konzertst\u00fcck, Op. 114 No. 2 for two clarinets and piano<\/li>\n<li>Sebastian Fagerlund &#8211; Cadenza for solo clarinet<\/li>\n<li>Leonard Bernstein &#8211; Sonata for clarinet and piano<\/li>\n<\/ol>\n<p><strong>Performers:<\/strong><br \/>\n<a class=\"o-leppaniemi-eng\">Olli Lepp\u00e4niemi<\/a> \u2013 clarinet<br \/>\n<a class=\"p-kroczek-eng\">Pawe\u0142 Kroczek<\/a> \u2013 clarinet<br \/>\n<a class=\"h-lizinkiewicz-eng\">Hanna Lizinkiewicz<\/a> &#8211; piano[\/vc_column_text][vc_separator border_width=&#8221;2&#8243; css=&#8221;.vc_custom_1631959283457{margin-top: 50px !important;margin-bottom: 50px !important;}&#8221;][vc_column_text css=&#8221;.vc_custom_1665754956944{border-left-width: 2px !important;padding-left: 4px !important;border-left-color: #efefef !important;border-left-style: solid !important;}&#8221;]<\/p>\n<h4 style=\"text-align: left;\"><strong>26.10.2022, 6.00 p.m.<br \/>\n<\/strong><\/h4>\n<p style=\"text-align: left;\"><strong><br \/>\n<b>Aula Nova, Ignacy Jan Paderewski Academy of Music in Pozna\u0144<br \/>\n<\/b><\/strong><\/p>\n<h5 style=\"text-align: left;\"><span style=\"color: #cfa65e;\">&#8220;Masters of world chamber music&#8221; concert<br \/>\n<\/span><\/h5>\n<p><b>Program:<\/b><\/p>\n<ol>\n<li class=\"p1\">Camille Saint-Sa\u00ebns \u2013 Sonata for bassoon and piano Op. 168<\/li>\n<li class=\"p1\">Heinz Holliger \u2013 3 Pieces for bassoon solo<span class=\"Apple-converted-space\">\u00a0<\/span><\/li>\n<\/ol>\n<ul>\n<li class=\"p1\">Mathematics<\/li>\n<li class=\"p1\">All kinds of antics<\/li>\n<li class=\"p1\">Ex-Amateur<\/li>\n<\/ul>\n<ol start=\"3\">\n<li class=\"p1\">Marcel Bitsch \u2013 Concertino for bassoon and piano<span class=\"Apple-converted-space\">\u00a0<\/span><\/li>\n<\/ol>\n<p><strong>Performers:<\/strong><br \/>\n<a class=\"t-plath-eng\">Theo Plath<\/a> \u2013 bassoon<br \/>\n<a class=\"b-wezner-eng\">Bart\u0142omiej Wezner<\/a> \u2013 piano<\/p>\n<ol start=\"4\">\n<li class=\"p1\">Ignacy Jan Paderewski \u2013 Legend from the series Miscellanea, Op. 16 no.1<\/li>\n<li class=\"p1\">Ignacy Jan Paderewski \u2013 Krakowiak Fantastyczny from the series Humoresques de Concert Op. 14 no.6<\/li>\n<li class=\"p1\">Olivier Messiaen \u2013 Prelude La colombe<\/li>\n<li class=\"p1\">Claude Debussy \u2013 Clair de lune from the Bergamasque series<\/li>\n<li class=\"p1\">Claude Debussy \u2013 L&#8217;Isle joyeuse (Joyful Island)<\/li>\n<\/ol>\n<p><strong>Performer:<\/strong><br \/>\n<a class=\"a-tatarski-eng\">Andrzej Tatarski<\/a> \u2013 piano<\/p>\n<ol start=\"9\">\n<li>Fryderyk Chopin \u2013 Etude Op. 25 No. 1 (arranged for solo violin by Florin Croitoru)<\/li>\n<li>Nicolo Paganini \u2013 Introduction and variations on Giovanni Paisielle&#8217;s Nel cor piu non mi sento<\/li>\n<\/ol>\n<p><strong>Performers:<\/strong><br \/>\n<a class=\"f-croitoru-eng\">Florin Croitoru<\/a> \u2013 violin<\/p>\n<ol start=\"11\">\n<li>Fritz Kreisler \u2013 Sch\u00f6n Rosmarin from the cycle Old Viennese Melodies for violin and piano<\/li>\n<li>Henryk Wieniawski \u2013 Concert Polonaise in D major Op. 4 for violin and piano<\/li>\n<\/ol>\n<p><strong>Performers:<\/strong><br \/>\n<a class=\"f-croitoru-eng\">Florin Croitoru<\/a> \u2013 violin<br \/>\n<a class=\"a-tatarski-eng\">Andrzej Tatarski<\/a> \u2013 piano[\/vc_column_text][vc_separator border_width=&#8221;2&#8243; css=&#8221;.vc_custom_1631959283457{margin-top: 50px !important;margin-bottom: 50px !important;}&#8221;][vc_column_text css=&#8221;.vc_custom_1665755012863{border-left-width: 2px !important;padding-left: 4px !important;border-left-color: #efefef !important;border-left-style: solid !important;}&#8221;]<\/p>\n<h4 style=\"text-align: left;\"><strong>30.10.2022, 6.00 p.m.<br \/>\n<\/strong><\/h4>\n<p style=\"text-align: left;\"><strong><br \/>\n<b>Castle in K\u00f3rnik<\/b><br \/>\n<\/strong><\/p>\n<h5 style=\"text-align: left;\"><span style=\"color: #cfa65e;\">Final Concert &#8220;Masterpieces of Chamber Music&#8221;<br \/>\n<\/span><\/h5>\n<p><b>Program<\/b><\/p>\n<ol>\n<li>Johann Sebastian Bach (1685-1750) &#8211; Prelude and Fugue in C sharp minor, BWV 849<\/li>\n<li>Wolfgang Amadeus Mozart (1756-1791) &#8211; Divertimento in D major, K. 136<\/li>\n<li>Ignacy Jan Paderewski (1860-1941) &#8211; Nocturne in B flat major, Op. 16 no.4<\/li>\n<li>Gerardo Rodriguez (1897-1948) &#8211; La Cumparsita<\/li>\n<li>Carl Nielsen (1865-1931) &#8211; Five pieces for piano, op. 3<\/li>\n<\/ol>\n<p><strong>Performers:<\/strong><br \/>\n<a class=\"erlendis-quartet-eng\">Erlendis Quartet<\/a>[\/vc_column_text][\/vc_column][vc_column width=&#8221;2\/12&#8243;][\/vc_column][\/vc_row][vc_row css=&#8221;.vc_custom_1602167976879{margin-top: 50px !important;}&#8221;][vc_column][vc_single_image image=&#8221;1626&#8243; img_size=&#8221;full&#8221; alignment=&#8221;center&#8221; el_class=&#8221;desktop&#8221;][vc_single_image image=&#8221;1642&#8243; img_size=&#8221;full&#8221; alignment=&#8221;center&#8221; el_class=&#8221;mobile&#8221;][vc_single_image image=&#8221;1640&#8243; img_size=&#8221;full&#8221; alignment=&#8221;center&#8221; el_class=&#8221;mobile&#8221;][vc_single_image image=&#8221;1638&#8243; img_size=&#8221;full&#8221; alignment=&#8221;center&#8221; el_class=&#8221;mobile&#8221;][vc_single_image image=&#8221;1636&#8243; img_size=&#8221;full&#8221; alignment=&#8221;center&#8221; el_class=&#8221;mobile&#8221;][\/vc_column][\/vc_row]<\/p>\n<\/div>","protected":false},"excerpt":{"rendered":"<p>[vc_row full_width=&#8221;stretch_row&#8221; equal_height=&#8221;yes&#8221; content_placement=&#8221;middle&#8221; disable_element=&#8221;yes&#8221; css=&#8221;.vc_custom_1568626795805{padding-top: 30px !important;padding-bottom: 40px !important;background-color: #37384e !important;background-position: center !important;background-repeat: no-repeat !important;background-size: cover !important;}&#8221;][vc_column width=&#8221;1\/2&#8243;][vc_column_text] Program [\/vc_column_text][\/vc_column][vc_column width=&#8221;1\/2&#8243;][\/vc_column][\/vc_row][vc_row equal_height=&#8221;yes&#8221; content_placement=&#8221;middle&#8221; css=&#8221;.vc_custom_1568384183044{padding-top: 50px !important;padding-bottom: 20px !important;}&#8221;][vc_column width=&#8221;2\/12&#8243;][\/vc_column][vc_column width=&#8221;8\/12&#8243;][vc_row_inner][vc_column_inner width=&#8221;1\/2&#8243;][vc_single_image image=&#8221;1616&#8243; img_size=&#8221;full&#8221; alignment=&#8221;center&#8221; onclick=&#8221;link_image&#8221;][\/vc_column_inner][vc_column_inner width=&#8221;1\/2&#8243;][vc_single_image image=&#8221;1618&#8243; img_size=&#8221;full&#8221; alignment=&#8221;center&#8221; onclick=&#8221;link_image&#8221;][\/vc_column_inner][\/vc_row_inner][vc_column_text] The International J\u00f3zef Madeja Festival 21-30.10.2022 r. [\/vc_column_text][\/vc_column][vc_column width=&#8221;2\/12&#8243;][\/vc_column][\/vc_row][vc_row][vc_column width=&#8221;2\/12&#8243;][\/vc_column][vc_column width=&#8221;8\/12&#8243;][vc_column_text css=&#8221;.vc_custom_1665755226913{border-left-width: 2px !important;padding-left: [&hellip;]<\/p>\n","protected":false},"author":1,"featured_media":0,"parent":0,"menu_order":0,"comment_status":"closed","ping_status":"open","template":"","meta":{"inline_featured_image":false,"footnotes":""},"class_list":["post-1525","page","type-page","status-publish","hentry"],"_links":{"self":[{"href":"https:\/\/festiwalmadei.pl\/en\/wp-json\/wp\/v2\/pages\/1525","targetHints":{"allow":["GET"]}}],"collection":[{"href":"https:\/\/festiwalmadei.pl\/en\/wp-json\/wp\/v2\/pages"}],"about":[{"href":"https:\/\/festiwalmadei.pl\/en\/wp-json\/wp\/v2\/types\/page"}],"author":[{"embeddable":true,"href":"https:\/\/festiwalmadei.pl\/en\/wp-json\/wp\/v2\/users\/1"}],"replies":[{"embeddable":true,"href":"https:\/\/festiwalmadei.pl\/en\/wp-json\/wp\/v2\/comments?post=1525"}],"version-history":[{"count":10,"href":"https:\/\/festiwalmadei.pl\/en\/wp-json\/wp\/v2\/pages\/1525\/revisions"}],"predecessor-version":[{"id":1645,"href":"https:\/\/festiwalmadei.pl\/en\/wp-json\/wp\/v2\/pages\/1525\/revisions\/1645"}],"wp:attachment":[{"href":"https:\/\/festiwalmadei.pl\/en\/wp-json\/wp\/v2\/media?parent=1525"}],"curies":[{"name":"wp","href":"https:\/\/api.w.org\/{rel}","templated":true}]}}